{"id":286,"date":"2025-01-11T18:08:27","date_gmt":"2025-01-11T18:08:27","guid":{"rendered":"https:\/\/trabajosaludable.com\/?page_id=286"},"modified":"2025-01-11T18:13:49","modified_gmt":"2025-01-11T18:13:49","slug":"materiales-y-recursos","status":"publish","type":"page","link":"https:\/\/trabajosaludable.com\/index.php\/materiales-y-recursos\/","title":{"rendered":"Materiales y recursos"},"content":{"rendered":"\n<p>Breve Gu\u00eda para la Comunicaci\u00f3n No Violenta<\/p>\n\n\n\n<div data-wp-interactive=\"core\/file\" class=\"wp-block-file\"><object data-wp-bind--hidden=\"!state.hasPdfPreview\" hidden class=\"wp-block-file__embed\" data=\"https:\/\/trabajosaludable.com\/wp-content\/uploads\/2025\/01\/BreveGuiaCNV2.0.pdf\" type=\"application\/pdf\" style=\"width:100%;height:600px\" aria-label=\"Incrustado de BreveGuiaCNV2.0.\"><\/object><a id=\"wp-block-file--media-53322d52-dfda-4f61-9538-919f314e299f\" href=\"https:\/\/trabajosaludable.com\/wp-content\/uploads\/2025\/01\/BreveGuiaCNV2.0.pdf\">BreveGuiaCNV2.0<\/a><a href=\"https:\/\/trabajosaludable.com\/wp-content\/uploads\/2025\/01\/BreveGuiaCNV2.0.pdf\" class=\"wp-block-file__button wp-element-button\" download aria-describedby=\"wp-block-file--media-53322d52-dfda-4f61-9538-919f314e299f\">Descargar<\/a><\/div>\n\n\n\n<p>Videos sobre Comunicaci\u00f3n no Violenta<\/p>\n\n\n\n<figure class=\"wp-block-embed is-type-video is-provider-youtube wp-block-embed-youtube wp-embed-aspect-16-9 wp-has-aspect-ratio\"><div class=\"wp-block-embed__wrapper\">\n<iframe loading=\"lazy\" title=\"Simpat\u00eda Vs Empat\u00eda\" width=\"640\" height=\"360\" src=\"https:\/\/www.youtube.com\/embed\/U8pRaj22MlI?feature=oembed\" frameborder=\"0\" allow=\"accelerometer; autoplay; clipboard-write; encrypted-media; gyroscope; picture-in-picture; web-share\" referrerpolicy=\"strict-origin-when-cross-origin\" allowfullscreen><\/iframe>\n<\/div><\/figure>\n","protected":false},"excerpt":{"rendered":"<p>Breve Gu\u00eda para la Comunicaci\u00f3n No Violenta Videos sobre Comunicaci\u00f3n no Violenta<\/p>\n","protected":false},"author":1,"featured_media":0,"parent":0,"menu_order":0,"comment_status":"closed","ping_status":"closed","template":"","meta":{"footnotes":""},"class_list":["post-286","page","type-page","status-publish","hentry"],"_links":{"self":[{"href":"https:\/\/trabajosaludable.com\/index.php\/wp-json\/wp\/v2\/pages\/286","targetHints":{"allow":["GET"]}}],"collection":[{"href":"https:\/\/trabajosaludable.com\/index.php\/wp-json\/wp\/v2\/pages"}],"about":[{"href":"https:\/\/trabajosaludable.com\/index.php\/wp-json\/wp\/v2\/types\/page"}],"author":[{"embeddable":true,"href":"https:\/\/trabajosaludable.com\/index.php\/wp-json\/wp\/v2\/users\/1"}],"replies":[{"embeddable":true,"href":"https:\/\/trabajosaludable.com\/index.php\/wp-json\/wp\/v2\/comments?post=286"}],"version-history":[{"count":3,"href":"https:\/\/trabajosaludable.com\/index.php\/wp-json\/wp\/v2\/pages\/286\/revisions"}],"predecessor-version":[{"id":293,"href":"https:\/\/trabajosaludable.com\/index.php\/wp-json\/wp\/v2\/pages\/286\/revisions\/293"}],"wp:attachment":[{"href":"https:\/\/trabajosaludable.com\/index.php\/wp-json\/wp\/v2\/media?parent=286"}],"curies":[{"name":"wp","href":"https:\/\/api.w.org\/{rel}","templated":true}]}}